{"id":994,"date":"2023-08-14T08:54:59","date_gmt":"2023-08-14T08:54:59","guid":{"rendered":"https:\/\/17academy.live-website.com\/?page_id=994"},"modified":"2025-04-08T12:39:14","modified_gmt":"2025-04-08T12:39:14","slug":"idea","status":"publish","type":"page","link":"https:\/\/gica.community\/de\/idea","title":{"rendered":"Idee"},"content":{"rendered":"<div data-elementor-type=\"wp-page\" data-elementor-id=\"994\" class=\"elementor elementor-994\" data-elementor-post-type=\"page\">\n\t\t\t\t\t\t<section class=\"elementor-section elementor-top-section elementor-element elementor-element-14fb9f52 elementor-section-boxed elementor-section-height-default elementor-section-height-default\" data-id=\"14fb9f52\" data-element_type=\"section\" data-e-type=\"section\" data-settings=\"{&quot;background_background&quot;:&quot;classic&quot;}\">\n\t\t\t\t\t\t\t<div class=\"elementor-background-overlay\"><\/div>\n\t\t\t\t\t\t\t<div class=\"elementor-container elementor-column-gap-default\">\n\t\t\t\t\t<div class=\"elementor-column elementor-col-100 elementor-top-column elementor-element elementor-element-33f0a3e6\" data-id=\"33f0a3e6\" data-element_type=\"column\" data-e-type=\"column\" data-settings=\"{&quot;background_background&quot;:&quot;classic&quot;,&quot;background_motion_fx_motion_fx_scrolling&quot;:&quot;yes&quot;,&quot;background_motion_fx_translateY_effect&quot;:&quot;yes&quot;,&quot;background_motion_fx_translateY_direction&quot;:&quot;negative&quot;,&quot;background_motion_fx_translateY_speed&quot;:{&quot;unit&quot;:&quot;px&quot;,&quot;size&quot;:&quot;2.5&quot;,&quot;sizes&quot;:[]},&quot;background_motion_fx_translateY_affectedRange&quot;:{&quot;unit&quot;:&quot;%&quot;,&quot;size&quot;:&quot;&quot;,&quot;sizes&quot;:{&quot;start&quot;:0,&quot;end&quot;:100}},&quot;background_motion_fx_devices&quot;:[&quot;desktop&quot;,&quot;tablet&quot;,&quot;mobile&quot;]}\">\n\t\t\t<div class=\"elementor-widget-wrap elementor-element-populated\">\n\t\t\t\t\t<div class=\"elementor-background-overlay\"><\/div>\n\t\t\t\t\t\t<div class=\"elementor-element elementor-element-68ad3ec7 animated-slow elementor-invisible elementor-widget elementor-widget-heading\" data-id=\"68ad3ec7\" data-element_type=\"widget\" data-e-type=\"widget\" data-settings=\"{&quot;_animation&quot;:&quot;fadeIn&quot;}\" data-widget_type=\"heading.default\">\n\t\t\t\t<div class=\"elementor-widget-container\">\n\t\t\t\t\t<h1 class=\"elementor-heading-title elementor-size-default\">Idee<\/h1>\t\t\t\t<\/div>\n\t\t\t\t<\/div>\n\t\t\t\t<div class=\"elementor-element elementor-element-baf730c elementor-shape-square elementor-grid-1 elementor-widget__width-auto elementor-fixed e-grid-align-center elementor-widget elementor-widget-social-icons\" data-id=\"baf730c\" data-element_type=\"widget\" data-e-type=\"widget\" data-settings=\"{&quot;_position&quot;:&quot;fixed&quot;}\" data-widget_type=\"social-icons.default\">\n\t\t\t\t<div class=\"elementor-widget-container\">\n\t\t\t\t\t\t\t<div class=\"elementor-social-icons-wrapper elementor-grid\" role=\"list\">\n\t\t\t\t\t\t\t<span class=\"elementor-grid-item\" role=\"listitem\">\n\t\t\t\t\t<a class=\"elementor-icon elementor-social-icon elementor-social-icon-instagram elementor-repeater-item-f90d36f\" href=\"https:\/\/www.instagram.com\/gica.community\/\" target=\"_blank\">\n\t\t\t\t\t\t<span class=\"elementor-screen-only\">Instagram<\/span>\n\t\t\t\t\t\t<i aria-hidden=\"true\" class=\"fab fa-instagram\"><\/i>\t\t\t\t\t<\/a>\n\t\t\t\t<\/span>\n\t\t\t\t\t\t\t<span class=\"elementor-grid-item\" role=\"listitem\">\n\t\t\t\t\t<a class=\"elementor-icon elementor-social-icon elementor-social-icon-linkedin elementor-repeater-item-e5ce7ce\" href=\"https:\/\/www.linkedin.com\/company\/gica-impact-network\" target=\"_blank\">\n\t\t\t\t\t\t<span class=\"elementor-screen-only\">Linkedin<\/span>\n\t\t\t\t\t\t<i aria-hidden=\"true\" class=\"fab fa-linkedin\"><\/i>\t\t\t\t\t<\/a>\n\t\t\t\t<\/span>\n\t\t\t\t\t\t\t<span class=\"elementor-grid-item\" role=\"listitem\">\n\t\t\t\t\t<a class=\"elementor-icon elementor-social-icon elementor-social-icon-youtube elementor-repeater-item-90b4e82\" href=\"http:\/\/www.youtube.com\/@gica.community\" target=\"_blank\">\n\t\t\t\t\t\t<span class=\"elementor-screen-only\">Youtube<\/span>\n\t\t\t\t\t\t<i aria-hidden=\"true\" class=\"fab fa-youtube\"><\/i>\t\t\t\t\t<\/a>\n\t\t\t\t<\/span>\n\t\t\t\t\t\t\t<span class=\"elementor-grid-item\" role=\"listitem\">\n\t\t\t\t\t<a class=\"elementor-icon elementor-social-icon elementor-social-icon-facebook elementor-repeater-item-3847428\" href=\"https:\/\/www.facebook.com\/people\/GICA-Impact-Network\/61574584270141\/\" target=\"_blank\">\n\t\t\t\t\t\t<span class=\"elementor-screen-only\">Facebook<\/span>\n\t\t\t\t\t\t<i aria-hidden=\"true\" class=\"fab fa-facebook\"><\/i>\t\t\t\t\t<\/a>\n\t\t\t\t<\/span>\n\t\t\t\t\t<\/div>\n\t\t\t\t\t\t<\/div>\n\t\t\t\t<\/div>\n\t\t\t\t<div class=\"elementor-element elementor-element-235d1c10 elementor-hidden-desktop elementor-hidden-tablet elementor-hidden-mobile elementor-widget elementor-widget-text-editor\" data-id=\"235d1c10\" data-element_type=\"widget\" data-e-type=\"widget\" data-widget_type=\"text-editor.default\">\n\t\t\t\t<div class=\"elementor-widget-container\">\n\t\t\t\t\t\t\t\t\t<p>Die Idee der Global Impact Citizen Alliance (GICA).<\/p>\t\t\t\t\t\t\t\t<\/div>\n\t\t\t\t<\/div>\n\t\t\t\t<div class=\"elementor-element elementor-element-6e41344 elementor-widget elementor-widget-text-editor\" data-id=\"6e41344\" data-element_type=\"widget\" data-e-type=\"widget\" data-widget_type=\"text-editor.default\">\n\t\t\t\t<div class=\"elementor-widget-container\">\n\t\t\t\t\t\t\t\t\t<p>Die Vision des GICA Impact Network ist es, die globale Impact-Startup-Szene zu vereinen.<\/p><p><span style=\"letter-spacing: 0.35px;\">Unsere Aufgabe ist es, eine lebendige Plattform zu bieten, auf der Ideen aus aller Welt ausgetauscht, internationale Partnerschaften gebildet und Ressourcen mobilisiert werden k\u00f6nnen, um dringende globale Probleme zu l\u00f6sen.<\/span><\/p><p><strong>Berlin ist unsere Hauptstadt der Wirkung.<\/strong><\/p><p>Wir werden die deutsche Hauptstadt zum f\u00fchrenden Zentrum der globalen Impact Economy machen, zum \"Silicon Valley f\u00fcr Impact\".  Von hier aus k\u00f6nnen wir das kollektive Potenzial freisetzen, um positive Ver\u00e4nderungen voranzutreiben und dem gesamten Impact-\u00d6kosystem ein Zuhause mit Perspektive zu geben:<\/p><p>\"Wer nach Berlin kommt, findet Unterst\u00fctzung, Partner und eine gute Atmosph\u00e4re.\"<\/p>\t\t\t\t\t\t\t\t<\/div>\n\t\t\t\t<\/div>\n\t\t\t\t\t<\/div>\n\t\t<\/div>\n\t\t\t\t\t<\/div>\n\t\t<\/section>\n\t\t\t\t<section class=\"elementor-section elementor-top-section elementor-element elementor-element-89cb856 elementor-section-full_width elementor-section-height-min-height elementor-section-items-stretch elementor-section-content-middle elementor-reverse-tablet elementor-reverse-mobile elementor-section-height-default\" data-id=\"89cb856\" data-element_type=\"section\" data-e-type=\"section\" data-settings=\"{&quot;background_background&quot;:&quot;classic&quot;}\">\n\t\t\t\t\t\t<div class=\"elementor-container elementor-column-gap-no\">\n\t\t\t\t\t<div class=\"elementor-column elementor-col-100 elementor-top-column elementor-element elementor-element-6ad8194\" data-id=\"6ad8194\" data-element_type=\"column\" data-e-type=\"column\" data-settings=\"{&quot;background_background&quot;:&quot;classic&quot;}\">\n\t\t\t<div class=\"elementor-widget-wrap elementor-element-populated\">\n\t\t\t\t\t\t<div class=\"elementor-element elementor-element-58a39f7 elementor-widget elementor-widget-spacer\" data-id=\"58a39f7\" data-element_type=\"widget\" data-e-type=\"widget\" data-widget_type=\"spacer.default\">\n\t\t\t\t<div class=\"elementor-widget-container\">\n\t\t\t\t\t\t\t<div class=\"elementor-spacer\">\n\t\t\t<div class=\"elementor-spacer-inner\"><\/div>\n\t\t<\/div>\n\t\t\t\t\t\t<\/div>\n\t\t\t\t<\/div>\n\t\t\t\t<section class=\"elementor-section elementor-inner-section elementor-element elementor-element-1851485 elementor-section-boxed elementor-section-height-default elementor-section-height-default\" data-id=\"1851485\" data-element_type=\"section\" data-e-type=\"section\">\n\t\t\t\t\t\t<div class=\"elementor-container elementor-column-gap-default\">\n\t\t\t\t\t<div class=\"elementor-column elementor-col-100 elementor-inner-column elementor-element elementor-element-272a6cc\" data-id=\"272a6cc\" data-element_type=\"column\" data-e-type=\"column\" data-settings=\"{&quot;background_background&quot;:&quot;classic&quot;}\">\n\t\t\t<div class=\"elementor-widget-wrap elementor-element-populated\">\n\t\t\t\t\t\t<div class=\"elementor-element elementor-element-b365a04 elementor-hidden-desktop elementor-hidden-tablet elementor-hidden-mobile elementor-widget elementor-widget-heading\" data-id=\"b365a04\" data-element_type=\"widget\" data-e-type=\"widget\" data-widget_type=\"heading.default\">\n\t\t\t\t<div class=\"elementor-widget-container\">\n\t\t\t\t\t<h2 class=\"elementor-heading-title elementor-size-default\">Idee<\/h2>\t\t\t\t<\/div>\n\t\t\t\t<\/div>\n\t\t\t\t<div class=\"elementor-element elementor-element-806818b elementor-widget elementor-widget-heading\" data-id=\"806818b\" data-element_type=\"widget\" data-e-type=\"widget\" data-widget_type=\"heading.default\">\n\t\t\t\t<div class=\"elementor-widget-container\">\n\t\t\t\t\t<h3 class=\"elementor-heading-title elementor-size-default\">Idee<\/h3>\t\t\t\t<\/div>\n\t\t\t\t<\/div>\n\t\t\t\t<div class=\"elementor-element elementor-element-6b3bc02 elementor-widget-divider--view-line elementor-widget elementor-widget-divider\" data-id=\"6b3bc02\" data-element_type=\"widget\" data-e-type=\"widget\" data-widget_type=\"divider.default\">\n\t\t\t\t<div class=\"elementor-widget-container\">\n\t\t\t\t\t\t\t<div class=\"elementor-divider\">\n\t\t\t<span class=\"elementor-divider-separator\">\n\t\t\t\t\t\t<\/span>\n\t\t<\/div>\n\t\t\t\t\t\t<\/div>\n\t\t\t\t<\/div>\n\t\t\t\t<div class=\"elementor-element elementor-element-b32720b elementor-widget elementor-widget-toggle\" data-id=\"b32720b\" data-element_type=\"widget\" data-e-type=\"widget\" data-widget_type=\"toggle.default\">\n\t\t\t\t<div class=\"elementor-widget-container\">\n\t\t\t\t\t\t\t<div class=\"elementor-toggle\">\n\t\t\t\t\t\t\t<div class=\"elementor-toggle-item\">\n\t\t\t\t\t<div id=\"elementor-tab-title-1871\" class=\"elementor-tab-title\" data-tab=\"1\" role=\"button\" aria-controls=\"elementor-tab-content-1871\" aria-expanded=\"false\">\n\t\t\t\t\t\t\t\t\t\t\t\t<span class=\"elementor-toggle-icon elementor-toggle-icon-right\" aria-hidden=\"true\">\n\t\t\t\t\t\t\t\t\t\t\t\t\t\t\t<span class=\"elementor-toggle-icon-closed\"><svg xmlns=\"http:\/\/www.w3.org\/2000\/svg\" xmlns:xlink=\"http:\/\/www.w3.org\/1999\/xlink\" id=\"e5f2c176-32f6-4a7b-a182-07ba0eac9cce\" x=\"0px\" y=\"0px\" viewbox=\"0 0 14 13.3\" style=\"enable-background:new 0 0 14 13.3;\" xml:space=\"preserve\"><title>pkus-icon<\/title><polygon points=\"14,6.1 7.5,6.1 7.5,0 6.5,0 6.5,6.1 0,6.1 0,7.1 6.5,7.1 6.5,13.3 7.5,13.3 7.5,7.1 14,7.1 \"><\/polygon><\/svg><\/span>\n\t\t\t\t\t\t\t\t<span class=\"elementor-toggle-icon-opened\"><svg xmlns=\"http:\/\/www.w3.org\/2000\/svg\" xmlns:xlink=\"http:\/\/www.w3.org\/1999\/xlink\" id=\"f5001e22-d1ad-47a7-a7c7-60307301eb12\" x=\"0px\" y=\"0px\" viewbox=\"0 0 14 1\" style=\"enable-background:new 0 0 14 1;\" xml:space=\"preserve\"><title>minus-icon<\/title><rect width=\"14\" height=\"1\"><\/rect><\/svg><\/span>\n\t\t\t\t\t\t\t\t\t\t\t\t\t<\/span>\n\t\t\t\t\t\t\t\t\t\t\t\t<a class=\"elementor-toggle-title\" tabindex=\"0\">Globale Br\u00fccken bauen<\/a>\n\t\t\t\t\t<\/div>\n\n\t\t\t\t\t<div id=\"elementor-tab-content-1871\" class=\"elementor-tab-content elementor-clearfix\" data-tab=\"1\" role=\"region\" aria-labelledby=\"elementor-tab-title-1871\"><p>Indem wir Br\u00fccken zwischen Impact-B\u00fcrgern auf der ganzen Welt schlagen, f\u00f6rdern wir die internationale Zusammenarbeit und den Wissensaustausch. <br \/>Dies wird die Entwicklung innovativer L\u00f6sungen und die Skalierung von Impact-Unternehmen beschleunigen und den Fluss von<br \/>Kapital f\u00fcr Start-ups mit Auswirkungen.<\/p><\/div>\n\t\t\t\t<\/div>\n\t\t\t\t\t\t\t<div class=\"elementor-toggle-item\">\n\t\t\t\t\t<div id=\"elementor-tab-title-1872\" class=\"elementor-tab-title\" data-tab=\"2\" role=\"button\" aria-controls=\"elementor-tab-content-1872\" aria-expanded=\"false\">\n\t\t\t\t\t\t\t\t\t\t\t\t<span class=\"elementor-toggle-icon elementor-toggle-icon-right\" aria-hidden=\"true\">\n\t\t\t\t\t\t\t\t\t\t\t\t\t\t\t<span class=\"elementor-toggle-icon-closed\"><svg xmlns=\"http:\/\/www.w3.org\/2000\/svg\" xmlns:xlink=\"http:\/\/www.w3.org\/1999\/xlink\" id=\"e5f2c176-32f6-4a7b-a182-07ba0eac9cce\" x=\"0px\" y=\"0px\" viewbox=\"0 0 14 13.3\" style=\"enable-background:new 0 0 14 13.3;\" xml:space=\"preserve\"><title>pkus-icon<\/title><polygon points=\"14,6.1 7.5,6.1 7.5,0 6.5,0 6.5,6.1 0,6.1 0,7.1 6.5,7.1 6.5,13.3 7.5,13.3 7.5,7.1 14,7.1 \"><\/polygon><\/svg><\/span>\n\t\t\t\t\t\t\t\t<span class=\"elementor-toggle-icon-opened\"><svg xmlns=\"http:\/\/www.w3.org\/2000\/svg\" xmlns:xlink=\"http:\/\/www.w3.org\/1999\/xlink\" id=\"f5001e22-d1ad-47a7-a7c7-60307301eb12\" x=\"0px\" y=\"0px\" viewbox=\"0 0 14 1\" style=\"enable-background:new 0 0 14 1;\" xml:space=\"preserve\"><title>minus-icon<\/title><rect width=\"14\" height=\"1\"><\/rect><\/svg><\/span>\n\t\t\t\t\t\t\t\t\t\t\t\t\t<\/span>\n\t\t\t\t\t\t\t\t\t\t\t\t<a class=\"elementor-toggle-title\" tabindex=\"0\">Verbesserung der lokalen Konnektivit\u00e4t<\/a>\n\t\t\t\t\t<\/div>\n\n\t\t\t\t\t<div id=\"elementor-tab-content-1872\" class=\"elementor-tab-content elementor-clearfix\" data-tab=\"2\" role=\"region\" aria-labelledby=\"elementor-tab-title-1872\"><p>Indem wir die Konnektivit\u00e4t in der deutschen Hauptstadt erh\u00f6hen, beschleunigen wir das Tempo des Wandels.<br \/>GICA schafft eine lokale Drehscheibe, die es Unternehmern und Investoren erm\u00f6glicht, schneller Kontakte zu kn\u00fcpfen, voneinander zu lernen und gemeinsam zu wachsen.<\/p><\/div>\n\t\t\t\t<\/div>\n\t\t\t\t\t\t\t<div class=\"elementor-toggle-item\">\n\t\t\t\t\t<div id=\"elementor-tab-title-1873\" class=\"elementor-tab-title\" data-tab=\"3\" role=\"button\" aria-controls=\"elementor-tab-content-1873\" aria-expanded=\"false\">\n\t\t\t\t\t\t\t\t\t\t\t\t<span class=\"elementor-toggle-icon elementor-toggle-icon-right\" aria-hidden=\"true\">\n\t\t\t\t\t\t\t\t\t\t\t\t\t\t\t<span class=\"elementor-toggle-icon-closed\"><svg xmlns=\"http:\/\/www.w3.org\/2000\/svg\" xmlns:xlink=\"http:\/\/www.w3.org\/1999\/xlink\" id=\"e5f2c176-32f6-4a7b-a182-07ba0eac9cce\" x=\"0px\" y=\"0px\" viewbox=\"0 0 14 13.3\" style=\"enable-background:new 0 0 14 13.3;\" xml:space=\"preserve\"><title>pkus-icon<\/title><polygon points=\"14,6.1 7.5,6.1 7.5,0 6.5,0 6.5,6.1 0,6.1 0,7.1 6.5,7.1 6.5,13.3 7.5,13.3 7.5,7.1 14,7.1 \"><\/polygon><\/svg><\/span>\n\t\t\t\t\t\t\t\t<span class=\"elementor-toggle-icon-opened\"><svg xmlns=\"http:\/\/www.w3.org\/2000\/svg\" xmlns:xlink=\"http:\/\/www.w3.org\/1999\/xlink\" id=\"f5001e22-d1ad-47a7-a7c7-60307301eb12\" x=\"0px\" y=\"0px\" viewbox=\"0 0 14 1\" style=\"enable-background:new 0 0 14 1;\" xml:space=\"preserve\"><title>minus-icon<\/title><rect width=\"14\" height=\"1\"><\/rect><\/svg><\/span>\n\t\t\t\t\t\t\t\t\t\t\t\t\t<\/span>\n\t\t\t\t\t\t\t\t\t\t\t\t<a class=\"elementor-toggle-title\" tabindex=\"0\">Einflussnahme auf die Politik<\/a>\n\t\t\t\t\t<\/div>\n\n\t\t\t\t\t<div id=\"elementor-tab-content-1873\" class=\"elementor-tab-content elementor-clearfix\" data-tab=\"3\" role=\"region\" aria-labelledby=\"elementor-tab-title-1873\"><p>Wir werden uns nicht darauf beschr\u00e4nken, Unternehmer und Investoren miteinander in Kontakt zu bringen.<br \/>Wir wollen auch mit Regierungen, politischen Entscheidungstr\u00e4gern und der breiten \u00d6ffentlichkeit in Kontakt treten. <br \/>Auf diese Weise k\u00f6nnen wir uns f\u00fcr die Bedeutung von Impact Businesses einsetzen und ein besseres \u00d6kosystem f\u00fcr ihr Wachstum schaffen.<\/p><\/div>\n\t\t\t\t<\/div>\n\t\t\t\t\t\t\t<div class=\"elementor-toggle-item\">\n\t\t\t\t\t<div id=\"elementor-tab-title-1874\" class=\"elementor-tab-title\" data-tab=\"4\" role=\"button\" aria-controls=\"elementor-tab-content-1874\" aria-expanded=\"false\">\n\t\t\t\t\t\t\t\t\t\t\t\t<span class=\"elementor-toggle-icon elementor-toggle-icon-right\" aria-hidden=\"true\">\n\t\t\t\t\t\t\t\t\t\t\t\t\t\t\t<span class=\"elementor-toggle-icon-closed\"><svg xmlns=\"http:\/\/www.w3.org\/2000\/svg\" xmlns:xlink=\"http:\/\/www.w3.org\/1999\/xlink\" id=\"e5f2c176-32f6-4a7b-a182-07ba0eac9cce\" x=\"0px\" y=\"0px\" viewbox=\"0 0 14 13.3\" style=\"enable-background:new 0 0 14 13.3;\" xml:space=\"preserve\"><title>pkus-icon<\/title><polygon points=\"14,6.1 7.5,6.1 7.5,0 6.5,0 6.5,6.1 0,6.1 0,7.1 6.5,7.1 6.5,13.3 7.5,13.3 7.5,7.1 14,7.1 \"><\/polygon><\/svg><\/span>\n\t\t\t\t\t\t\t\t<span class=\"elementor-toggle-icon-opened\"><svg xmlns=\"http:\/\/www.w3.org\/2000\/svg\" xmlns:xlink=\"http:\/\/www.w3.org\/1999\/xlink\" id=\"f5001e22-d1ad-47a7-a7c7-60307301eb12\" x=\"0px\" y=\"0px\" viewbox=\"0 0 14 1\" style=\"enable-background:new 0 0 14 1;\" xml:space=\"preserve\"><title>minus-icon<\/title><rect width=\"14\" height=\"1\"><\/rect><\/svg><\/span>\n\t\t\t\t\t\t\t\t\t\t\t\t\t<\/span>\n\t\t\t\t\t\t\t\t\t\t\t\t<a class=\"elementor-toggle-title\" tabindex=\"0\">Wirtschaft umgestalten - unsere Welt retten<\/a>\n\t\t\t\t\t<\/div>\n\n\t\t\t\t\t<div id=\"elementor-tab-content-1874\" class=\"elementor-tab-content elementor-clearfix\" data-tab=\"4\" role=\"region\" aria-labelledby=\"elementor-tab-title-1874\"><p>Die GICA will die Wirtschaft umgestalten. <br \/>Wir glauben an eine Zukunft, in der der gesch\u00e4ftliche Erfolg nicht nur durch die finanzielle Rendite definiert wird, sondern auch durch die positiven sozialen und \u00f6kologischen Auswirkungen, die er schafft. <br \/>Durch die Vernetzung und St\u00e4rkung der globalen Impact-Startup-Szene, beginnend in Berlin, ebnen wir den Weg, damit diese Vision Wirklichkeit wird.<\/p><\/div>\n\t\t\t\t<\/div>\n\t\t\t\t\t\t\t\t<\/div>\n\t\t\t\t\t\t<\/div>\n\t\t\t\t<\/div>\n\t\t\t\t\t<\/div>\n\t\t<\/div>\n\t\t\t\t\t<\/div>\n\t\t<\/section>\n\t\t\t\t\t<\/div>\n\t\t<\/div>\n\t\t\t\t\t<\/div>\n\t\t<\/section>\n\t\t\t\t<\/div>","protected":false},"excerpt":{"rendered":"<p>idea Instagram Linkedin Youtube Facebook Idea of the Global Impact Citizen Alliance (GICA). The vision of GICA Impact Network is to unite the global impact startup scene. Our mission is to provide a vibrant platform where ideas from all over the globe can be shared, international partnerships formed, and resources mobilized to solve pressing global [&hellip;]<\/p>","protected":false},"author":2,"featured_media":0,"parent":0,"menu_order":0,"comment_status":"closed","ping_status":"closed","template":"elementor_header_footer","meta":{"footnotes":""},"class_list":["post-994","page","type-page","status-publish","hentry"],"yoast_head":"<!-- This site is optimized with the Yoast SEO plugin v25.5 - https:\/\/yoast.com\/wordpress\/plugins\/seo\/ -->\n<title>Idea - GICA<\/title>\n<meta name=\"description\" content=\"Idea: Our vision of Global Impact Capital Alliance GICA is to unite the global impact startup scene, starting with Berlin.\" \/>\n<meta name=\"robots\" content=\"index, follow, max-snippet:-1, max-image-preview:large, max-video-preview:-1\" \/>\n<link rel=\"canonical\" href=\"https:\/\/gica.community\/de\/idea\/\" \/>\n<meta property=\"og:locale\" content=\"de_DE\" \/>\n<meta property=\"og:type\" content=\"article\" \/>\n<meta property=\"og:title\" content=\"Idea - GICA\" \/>\n<meta property=\"og:description\" content=\"Idea: Our vision of Global Impact Capital Alliance GICA is to unite the global impact startup scene, starting with Berlin.\" \/>\n<meta property=\"og:url\" content=\"https:\/\/gica.community\/de\/idea\/\" \/>\n<meta property=\"og:site_name\" content=\"GICA\" \/>\n<meta property=\"article:modified_time\" content=\"2025-04-08T12:39:14+00:00\" \/>\n<meta name=\"twitter:card\" content=\"summary_large_image\" \/>\n<meta name=\"twitter:label1\" content=\"Gesch\u00e4tzte Lesezeit\" \/>\n\t<meta name=\"twitter:data1\" content=\"2\u00a0Minuten\" \/>\n<script type=\"application\/ld+json\" class=\"yoast-schema-graph\">{\"@context\":\"https:\/\/schema.org\",\"@graph\":[{\"@type\":\"WebPage\",\"@id\":\"https:\/\/gica.community\/idea\",\"url\":\"https:\/\/gica.community\/idea\",\"name\":\"Idea - GICA\",\"isPartOf\":{\"@id\":\"https:\/\/gica.community\/#website\"},\"datePublished\":\"2023-08-14T08:54:59+00:00\",\"dateModified\":\"2025-04-08T12:39:14+00:00\",\"description\":\"Idea: Our vision of Global Impact Capital Alliance GICA is to unite the global impact startup scene, starting with Berlin.\",\"breadcrumb\":{\"@id\":\"https:\/\/gica.community\/idea#breadcrumb\"},\"inLanguage\":\"de\",\"potentialAction\":[{\"@type\":\"ReadAction\",\"target\":[\"https:\/\/gica.community\/idea\"]}]},{\"@type\":\"BreadcrumbList\",\"@id\":\"https:\/\/gica.community\/idea#breadcrumb\",\"itemListElement\":[{\"@type\":\"ListItem\",\"position\":1,\"name\":\"Startseite\",\"item\":\"https:\/\/gica.community\/\"},{\"@type\":\"ListItem\",\"position\":2,\"name\":\"Idea\"}]},{\"@type\":\"WebSite\",\"@id\":\"https:\/\/gica.community\/#website\",\"url\":\"https:\/\/gica.community\/\",\"name\":\"GICA\",\"description\":\"Gloabal Impact Capital Alliance\",\"publisher\":{\"@id\":\"https:\/\/gica.community\/#organization\"},\"potentialAction\":[{\"@type\":\"SearchAction\",\"target\":{\"@type\":\"EntryPoint\",\"urlTemplate\":\"https:\/\/gica.community\/?s={search_term_string}\"},\"query-input\":{\"@type\":\"PropertyValueSpecification\",\"valueRequired\":true,\"valueName\":\"search_term_string\"}}],\"inLanguage\":\"de\"},{\"@type\":\"Organization\",\"@id\":\"https:\/\/gica.community\/#organization\",\"name\":\"GICA - Global Impact Capital Alliance\",\"url\":\"https:\/\/gica.community\/\",\"logo\":{\"@type\":\"ImageObject\",\"inLanguage\":\"de\",\"@id\":\"https:\/\/gica.community\/#\/schema\/logo\/image\/\",\"url\":\"https:\/\/gica.community\/wp-content\/uploads\/2023\/11\/cropped-cropped-cropped-cropped-cropped-cropped-cropped-cropped-GICA-Logo-Global-Impact-Capital-Alliance.png\",\"contentUrl\":\"https:\/\/gica.community\/wp-content\/uploads\/2023\/11\/cropped-cropped-cropped-cropped-cropped-cropped-cropped-cropped-GICA-Logo-Global-Impact-Capital-Alliance.png\",\"width\":1385,\"height\":450,\"caption\":\"GICA - Global Impact Capital Alliance\"},\"image\":{\"@id\":\"https:\/\/gica.community\/#\/schema\/logo\/image\/\"},\"sameAs\":[\"https:\/\/www.instagram.com\/gica.community\/\"]}]}<\/script>\n<!-- \/ Yoast SEO plugin. -->","yoast_head_json":{"title":"Idea - GICA","description":"Idea: Our vision of Global Impact Capital Alliance GICA is to unite the global impact startup scene, starting with Berlin.","robots":{"index":"index","follow":"follow","max-snippet":"max-snippet:-1","max-image-preview":"max-image-preview:large","max-video-preview":"max-video-preview:-1"},"canonical":"https:\/\/gica.community\/de\/idea\/","og_locale":"de_DE","og_type":"article","og_title":"Idea - GICA","og_description":"Idea: Our vision of Global Impact Capital Alliance GICA is to unite the global impact startup scene, starting with Berlin.","og_url":"https:\/\/gica.community\/de\/idea\/","og_site_name":"GICA","article_modified_time":"2025-04-08T12:39:14+00:00","twitter_card":"summary_large_image","twitter_misc":{"Gesch\u00e4tzte Lesezeit":"2\u00a0Minuten"},"schema":{"@context":"https:\/\/schema.org","@graph":[{"@type":"WebPage","@id":"https:\/\/gica.community\/idea","url":"https:\/\/gica.community\/idea","name":"Idea - GICA","isPartOf":{"@id":"https:\/\/gica.community\/#website"},"datePublished":"2023-08-14T08:54:59+00:00","dateModified":"2025-04-08T12:39:14+00:00","description":"Idea: Our vision of Global Impact Capital Alliance GICA is to unite the global impact startup scene, starting with Berlin.","breadcrumb":{"@id":"https:\/\/gica.community\/idea#breadcrumb"},"inLanguage":"de","potentialAction":[{"@type":"ReadAction","target":["https:\/\/gica.community\/idea"]}]},{"@type":"BreadcrumbList","@id":"https:\/\/gica.community\/idea#breadcrumb","itemListElement":[{"@type":"ListItem","position":1,"name":"Startseite","item":"https:\/\/gica.community\/"},{"@type":"ListItem","position":2,"name":"Idea"}]},{"@type":"WebSite","@id":"https:\/\/gica.community\/#website","url":"https:\/\/gica.community\/","name":"GICA","description":"Gloabal Impact Capital Alliance","publisher":{"@id":"https:\/\/gica.community\/#organization"},"potentialAction":[{"@type":"SearchAction","target":{"@type":"EntryPoint","urlTemplate":"https:\/\/gica.community\/?s={search_term_string}"},"query-input":{"@type":"PropertyValueSpecification","valueRequired":true,"valueName":"search_term_string"}}],"inLanguage":"de"},{"@type":"Organization","@id":"https:\/\/gica.community\/#organization","name":"GICA - Global Impact Capital Alliance","url":"https:\/\/gica.community\/","logo":{"@type":"ImageObject","inLanguage":"de","@id":"https:\/\/gica.community\/#\/schema\/logo\/image\/","url":"https:\/\/gica.community\/wp-content\/uploads\/2023\/11\/cropped-cropped-cropped-cropped-cropped-cropped-cropped-cropped-GICA-Logo-Global-Impact-Capital-Alliance.png","contentUrl":"https:\/\/gica.community\/wp-content\/uploads\/2023\/11\/cropped-cropped-cropped-cropped-cropped-cropped-cropped-cropped-GICA-Logo-Global-Impact-Capital-Alliance.png","width":1385,"height":450,"caption":"GICA - Global Impact Capital Alliance"},"image":{"@id":"https:\/\/gica.community\/#\/schema\/logo\/image\/"},"sameAs":["https:\/\/www.instagram.com\/gica.community\/"]}]}},"_links":{"self":[{"href":"https:\/\/gica.community\/de\/wp-json\/wp\/v2\/pages\/994","targetHints":{"allow":["GET"]}}],"collection":[{"href":"https:\/\/gica.community\/de\/wp-json\/wp\/v2\/pages"}],"about":[{"href":"https:\/\/gica.community\/de\/wp-json\/wp\/v2\/types\/page"}],"author":[{"embeddable":true,"href":"https:\/\/gica.community\/de\/wp-json\/wp\/v2\/users\/2"}],"replies":[{"embeddable":true,"href":"https:\/\/gica.community\/de\/wp-json\/wp\/v2\/comments?post=994"}],"version-history":[{"count":71,"href":"https:\/\/gica.community\/de\/wp-json\/wp\/v2\/pages\/994\/revisions"}],"predecessor-version":[{"id":5569,"href":"https:\/\/gica.community\/de\/wp-json\/wp\/v2\/pages\/994\/revisions\/5569"}],"wp:attachment":[{"href":"https:\/\/gica.community\/de\/wp-json\/wp\/v2\/media?parent=994"}],"curies":[{"name":"wp","href":"https:\/\/api.w.org\/{rel}","templated":true}]}}